{"id":20330,"date":"2025-01-08T16:21:04","date_gmt":"2025-01-08T15:21:04","guid":{"rendered":"https:\/\/www.lacroixnoble.fr\/product\/soudeuse-manuelle-e-type\/"},"modified":"2025-05-19T11:14:11","modified_gmt":"2025-05-19T09:14:11","slug":"manual-sealer-e-type","status":"publish","type":"product","link":"https:\/\/www.lacroixnoble.fr\/en\/product\/manual-sealer-e-type\/","title":{"rendered":"Manual sealer E-Type"},"content":{"rendered":"\n<div class=\"wp-block-columns is-layout-flex wp-container-core-columns-is-layout-0111f410 wp-block-columns-is-layout-flex\" style=\"padding-right:var(--wp--preset--spacing--50);padding-left:var(--wp--preset--spacing--50)\">\n<div class=\"wp-block-column is-vertically-aligned-center is-layout-flow wp-block-column-is-layout-flow\">\n<figure data-wp-context=\"{&quot;imageId&quot;:&quot;69e04750ce492&quot;}\" data-wp-interactive=\"core\/image\" data-wp-key=\"69e04750ce492\" class=\"wp-block-image alignfull size-medium image-produit-ajout wp-lightbox-container\"><img decoding=\"async\" width=\"600\" height=\"398\" data-wp-class--hide=\"state.isContentHidden\" data-wp-class--show=\"state.isContentVisible\" data-wp-init=\"callbacks.setButtonStyles\" data-wp-on--click=\"actions.showLightbox\" data-wp-on--load=\"callbacks.setButtonStyles\" data-wp-on-window--resize=\"callbacks.setButtonStyles\" src=\"https:\/\/www.lacroixnoble.fr\/wp-content\/uploads\/2025\/01\/Soudeuse-manuelle-E-Type-600x398.png\" alt=\"SOUDEUSE SEMI-AUTOMATIQUE \u00c0 IMPULSION AVEC P\u00c9DALE \u00c9LECTRIQUE ET COMMANDE NUM\u00c9RIQUE\" class=\"wp-image-17529\" srcset=\"https:\/\/www.lacroixnoble.fr\/wp-content\/uploads\/2025\/01\/Soudeuse-manuelle-E-Type-600x398.png 600w, https:\/\/www.lacroixnoble.fr\/wp-content\/uploads\/2025\/01\/Soudeuse-manuelle-E-Type-1200x797.png 1200w, https:\/\/www.lacroixnoble.fr\/wp-content\/uploads\/2025\/01\/Soudeuse-manuelle-E-Type-768x510.png 768w, https:\/\/www.lacroixnoble.fr\/wp-content\/uploads\/2025\/01\/Soudeuse-manuelle-E-Type.png 1490w\" sizes=\"(max-width: 600px) 100vw, 600px\" \/><button\n\t\t\tclass=\"lightbox-trigger\"\n\t\t\ttype=\"button\"\n\t\t\taria-haspopup=\"dialog\"\n\t\t\taria-label=\"Enlarge\"\n\t\t\tdata-wp-init=\"callbacks.initTriggerButton\"\n\t\t\tdata-wp-on--click=\"actions.showLightbox\"\n\t\t\tdata-wp-style--right=\"state.imageButtonRight\"\n\t\t\tdata-wp-style--top=\"state.imageButtonTop\"\n\t\t>\n\t\t\t<svg xmlns=\"http:\/\/www.w3.org\/2000\/svg\" width=\"12\" height=\"12\" fill=\"none\" viewBox=\"0 0 12 12\">\n\t\t\t\t<path fill=\"#fff\" d=\"M2 0a2 2 0 0 0-2 2v2h1.5V2a.5.5 0 0 1 .5-.5h2V0H2Zm2 10.5H2a.5.5 0 0 1-.5-.5V8H0v2a2 2 0 0 0 2 2h2v-1.5ZM8 12v-1.5h2a.5.5 0 0 0 .5-.5V8H12v2a2 2 0 0 1-2 2H8Zm2-12a2 2 0 0 1 2 2v2h-1.5V2a.5.5 0 0 0-.5-.5H8V0h2Z\" \/>\n\t\t\t<\/svg>\n\t\t<\/button><\/figure>\n<\/div>\n\n\n\n<div class=\"wp-block-column is-vertically-aligned-center is-layout-flow wp-block-column-is-layout-flow\">\n<p><strong>E-TYPE Semi-Automatic Impulse Sealer with Electric Pedal and Digital Control<\/strong><\/p>\n\n\n\n<p>The E-TYPE semi-automatic impulse sealers are ideal for securely sealing filled bags or creating bags from roll materials. They are perfectly suited for sealing PE, PP, PVC, or any laminated film with a sealable inner layer.<\/p>\n\n\n\n<p>Thanks to impulse control, the sealing process offers maximum safety: the heating wire is only activated when the sealing bars are closed and a cycle is in progress. This ensures safe operation while delivering energy savings and environmental friendliness.<\/p>\n\n\n\n<p>The E-TYPE range is available in four models, with sealing lengths from 420 mm to 1320 mm.<\/p>\n\n\n\n<div class=\"wp-block-buttons is-vertical is-content-justification-left is-layout-flex wp-container-core-buttons-is-layout-994fc1a2 wp-block-buttons-is-layout-flex\">\n<div class=\"wp-block-button has-custom-width wp-block-button__width-50 has-custom-font-size ajouter-demande is-style-fill has-normal-font-size\"><a class=\"wp-block-button__link wp-element-button\" style=\"padding-top:var(--wp--preset--spacing--20);padding-right:var(--wp--preset--spacing--20);padding-bottom:var(--wp--preset--spacing--20);padding-left:var(--wp--preset--spacing--20)\">+ Add to my quote<\/a><\/div>\n<\/div>\n<\/div>\n<\/div>\n\n\n\n<div class=\"wp-block-columns is-layout-flex wp-container-core-columns-is-layout-0111f410 wp-block-columns-is-layout-flex\" style=\"padding-right:var(--wp--preset--spacing--50);padding-left:var(--wp--preset--spacing--50)\">\n<div class=\"wp-block-column is-layout-flow wp-block-column-is-layout-flow\">\n<h2 class=\"wp-block-heading has-primary-color has-text-color has-link-color wp-elements-28c51e0bf4bdd57314a31830a3ea880f\">product advantages<\/h2>\n\n\n\n<ul class=\"is-style-border wp-block-list\">\n<li><strong>Electrically controlled<\/strong> and independently adjustable sealing and cooling times from 0 to 9.<\/li>\n\n\n\n<li>Parameters can be locked with a personal password.<\/li>\n\n\n\n<li>Integrated<strong> safety knife system<\/strong>.<\/li>\n\n\n\n<li>Suitable for <strong>sealing PE<\/strong> (LDPE, HDPE), PP, PA, PVC, BOPP and other thin laminated films, and any other laminated film containing a <strong>thermoplastic <\/strong>film on the inside.<\/li>\n<\/ul>\n<\/div>\n\n\n\n<div class=\"wp-block-column is-layout-flow wp-block-column-is-layout-flow\">\n<h2 class=\"wp-block-heading has-primary-color has-text-color has-link-color wp-elements-e33eb7a5d4badd3d2514d7bc5a2f86a8\">accessories <\/h2>\n\n\n\n<ul class=\"is-style-border wp-block-list\">\n<li>Work table with standard bag holder<\/li>\n\n\n\n<li>Film roll holder<\/li>\n\n\n\n<li>Stainless steel holder with roller for holding film rolls and\/or work table<\/li>\n\n\n\n<li>Roller conveyor system<\/li>\n<\/ul>\n<\/div>\n<\/div>\n\n\n\n<div class=\"wp-block-cover bloc_servicesclesenmain forproduct\" style=\"min-height:440px;aspect-ratio:unset;\"><img decoding=\"async\" width=\"1290\" height=\"968\" class=\"wp-block-cover__image-background wp-image-26568\" alt=\"\" src=\"https:\/\/www.lacroixnoble.fr\/wp-content\/uploads\/2025\/05\/lacroixnoble_maintenance.png\" data-object-fit=\"cover\" srcset=\"https:\/\/www.lacroixnoble.fr\/wp-content\/uploads\/2025\/05\/lacroixnoble_maintenance.png 1290w, https:\/\/www.lacroixnoble.fr\/wp-content\/uploads\/2025\/05\/lacroixnoble_maintenance-600x450.png 600w, https:\/\/www.lacroixnoble.fr\/wp-content\/uploads\/2025\/05\/lacroixnoble_maintenance-1200x900.png 1200w, https:\/\/www.lacroixnoble.fr\/wp-content\/uploads\/2025\/05\/lacroixnoble_maintenance-768x576.png 768w\" sizes=\"(max-width: 1290px) 100vw, 1290px\" \/><span aria-hidden=\"true\" class=\"wp-block-cover__background has-background-dim-20 has-background-dim\"><\/span><div class=\"wp-block-cover__inner-container is-layout-flow wp-block-cover-is-layout-flow\">\n<div class=\"wp-block-group has-secondary-background-color has-background is-layout-constrained wp-container-core-group-is-layout-9c159c7f wp-block-group-is-layout-constrained\" style=\"margin-top:var(--wp--preset--spacing--50);margin-bottom:var(--wp--preset--spacing--50);padding-top:var(--wp--preset--spacing--60);padding-right:var(--wp--preset--spacing--60);padding-bottom:var(--wp--preset--spacing--60);padding-left:var(--wp--preset--spacing--60)\">\n<h3 class=\"wp-block-heading has-text-align-center has-normal-font-size\">Our turnkey solutions<\/h3>\n\n\n\n<hr class=\"wp-block-separator has-alpha-channel-opacity\"\/>\n\n\n\n<div style=\"height:0.5rem\" aria-hidden=\"true\" class=\"wp-block-spacer\"><\/div>\n\n\n\n<div class=\"wp-block-columns is-layout-flex wp-container-core-columns-is-layout-1a3f87fd wp-block-columns-is-layout-flex\" style=\"margin-top:0;margin-bottom:0;padding-top:0;padding-bottom:0\">\n<div class=\"wp-block-column is-layout-flow wp-block-column-is-layout-flow\">\n<div class=\"wp-block-columns is-not-stacked-on-mobile is-layout-flex wp-container-core-columns-is-layout-69ce1249 wp-block-columns-is-layout-flex\" style=\"border-radius:4px;margin-top:0;margin-bottom:0;padding-top:var(--wp--preset--spacing--30);padding-right:var(--wp--preset--spacing--30);padding-bottom:var(--wp--preset--spacing--30);padding-left:var(--wp--preset--spacing--30)\">\n<div class=\"wp-block-column is-vertically-aligned-top is-layout-flow wp-block-column-is-layout-flow\" style=\"padding-top:var(--wp--preset--spacing--20);padding-bottom:var(--wp--preset--spacing--20);flex-basis:4rem\">\n<figure class=\"wp-block-image alignfull size-full is-style-default\"><img decoding=\"async\" src=\"https:\/\/www.lacroixnoble.fr\/wp-content\/uploads\/2023\/03\/icon_services_formation-mono.svg\" alt=\"\" class=\"wp-image-6015\"\/><\/figure>\n<\/div>\n\n\n\n<div class=\"wp-block-column is-vertically-aligned-center is-layout-flow wp-container-core-column-is-layout-22223934 wp-block-column-is-layout-flow\" style=\"flex-basis:80%\">\n<h6 class=\"wp-block-heading has-small-font-size\">Training<\/h6>\n<\/div>\n<\/div>\n<\/div>\n\n\n\n<div class=\"wp-block-column is-layout-flow wp-block-column-is-layout-flow\">\n<div class=\"wp-block-columns is-not-stacked-on-mobile is-layout-flex wp-container-core-columns-is-layout-69ce1249 wp-block-columns-is-layout-flex\" style=\"border-radius:4px;margin-top:0;margin-bottom:0;padding-top:var(--wp--preset--spacing--30);padding-right:var(--wp--preset--spacing--30);padding-bottom:var(--wp--preset--spacing--30);padding-left:var(--wp--preset--spacing--30)\">\n<div class=\"wp-block-column is-vertically-aligned-top is-layout-flow wp-block-column-is-layout-flow\" style=\"padding-top:var(--wp--preset--spacing--20);padding-bottom:var(--wp--preset--spacing--20);flex-basis:4rem\">\n<figure class=\"wp-block-image alignfull size-full is-style-default\"><img decoding=\"async\" src=\"https:\/\/www.lacroixnoble.fr\/wp-content\/uploads\/2023\/03\/icon_services_installation-mono.svg\" alt=\"\" class=\"wp-image-6017\"\/><\/figure>\n<\/div>\n\n\n\n<div class=\"wp-block-column is-vertically-aligned-center is-layout-flow wp-container-core-column-is-layout-22223934 wp-block-column-is-layout-flow\" style=\"flex-basis:80%\">\n<h6 class=\"wp-block-heading has-small-font-size\">Setting up<\/h6>\n<\/div>\n<\/div>\n<\/div>\n\n\n\n<div class=\"wp-block-column is-layout-flow wp-block-column-is-layout-flow\">\n<div class=\"wp-block-columns is-not-stacked-on-mobile is-layout-flex wp-container-core-columns-is-layout-69ce1249 wp-block-columns-is-layout-flex\" style=\"border-radius:4px;margin-top:0;margin-bottom:0;padding-top:var(--wp--preset--spacing--30);padding-right:var(--wp--preset--spacing--30);padding-bottom:var(--wp--preset--spacing--30);padding-left:var(--wp--preset--spacing--30)\">\n<div class=\"wp-block-column is-vertically-aligned-top is-layout-flow wp-block-column-is-layout-flow\" style=\"padding-top:var(--wp--preset--spacing--20);padding-bottom:var(--wp--preset--spacing--20);flex-basis:4rem\">\n<figure class=\"wp-block-image alignfull size-full is-style-default\"><img decoding=\"async\" src=\"https:\/\/www.lacroixnoble.fr\/wp-content\/uploads\/2023\/03\/icon_services_-location-mono.svg\" alt=\"\" class=\"wp-image-6021\"\/><\/figure>\n<\/div>\n\n\n\n<div class=\"wp-block-column is-vertically-aligned-center is-layout-flow wp-container-core-column-is-layout-22223934 wp-block-column-is-layout-flow\" style=\"flex-basis:80%\">\n<h6 class=\"wp-block-heading has-small-font-size\">Leasing<\/h6>\n<\/div>\n<\/div>\n<\/div>\n<\/div>\n\n\n\n<div class=\"wp-block-columns is-layout-flex wp-container-core-columns-is-layout-1a3f87fd wp-block-columns-is-layout-flex\" style=\"margin-top:0;margin-bottom:0;padding-top:0;padding-bottom:0\">\n<div class=\"wp-block-column is-layout-flow wp-block-column-is-layout-flow\">\n<div class=\"wp-block-columns is-not-stacked-on-mobile is-layout-flex wp-container-core-columns-is-layout-69ce1249 wp-block-columns-is-layout-flex\" style=\"border-radius:4px;margin-top:0;margin-bottom:0;padding-top:var(--wp--preset--spacing--30);padding-right:var(--wp--preset--spacing--30);padding-bottom:var(--wp--preset--spacing--30);padding-left:var(--wp--preset--spacing--30)\">\n<div class=\"wp-block-column is-vertically-aligned-top is-layout-flow wp-block-column-is-layout-flow\" style=\"padding-top:var(--wp--preset--spacing--20);padding-bottom:var(--wp--preset--spacing--20);flex-basis:4rem\">\n<figure class=\"wp-block-image alignfull size-full is-style-default\"><img decoding=\"async\" src=\"https:\/\/www.lacroixnoble.fr\/wp-content\/uploads\/2023\/03\/icon_services_-occasions-mono.svg\" alt=\"\" class=\"wp-image-6013\"\/><\/figure>\n<\/div>\n\n\n\n<div class=\"wp-block-column is-vertically-aligned-center is-layout-flow wp-container-core-column-is-layout-22223934 wp-block-column-is-layout-flow\" style=\"flex-basis:80%\">\n<h6 class=\"wp-block-heading has-small-font-size\">Second-hand<\/h6>\n<\/div>\n<\/div>\n<\/div>\n\n\n\n<div class=\"wp-block-column is-layout-flow wp-block-column-is-layout-flow\">\n<div class=\"wp-block-columns is-not-stacked-on-mobile is-layout-flex wp-container-core-columns-is-layout-69ce1249 wp-block-columns-is-layout-flex\" style=\"border-radius:4px;margin-top:0;margin-bottom:0;padding-top:var(--wp--preset--spacing--30);padding-right:var(--wp--preset--spacing--30);padding-bottom:var(--wp--preset--spacing--30);padding-left:var(--wp--preset--spacing--30)\">\n<div class=\"wp-block-column is-vertically-aligned-top is-layout-flow wp-block-column-is-layout-flow\" style=\"padding-top:var(--wp--preset--spacing--20);padding-bottom:var(--wp--preset--spacing--20);flex-basis:4rem\">\n<figure class=\"wp-block-image alignfull size-full is-style-default\"><img decoding=\"async\" src=\"https:\/\/www.lacroixnoble.fr\/wp-content\/uploads\/2023\/03\/icon_services_-financement-mono.svg\" alt=\"\" class=\"wp-image-6019\"\/><\/figure>\n<\/div>\n\n\n\n<div class=\"wp-block-column is-vertically-aligned-center is-layout-flow wp-container-core-column-is-layout-22223934 wp-block-column-is-layout-flow\" style=\"flex-basis:80%\">\n<h6 class=\"wp-block-heading has-small-font-size\">Financing solutions<\/h6>\n<\/div>\n<\/div>\n<\/div>\n\n\n\n<div class=\"wp-block-column is-layout-flow wp-block-column-is-layout-flow\"><\/div>\n<\/div>\n<\/div>\n<\/div><\/div>\n","protected":false},"excerpt":{"rendered":"<p>E-TYPE Semi-Automatic Impulse Sealer with Electric Pedal and Digital Control The E-TYPE semi-automatic impulse sealers are ideal for securely sealing filled bags or creating bags from roll materials. They are perfectly suited for sealing PE, PP, PVC, or any laminated film with a sealable inner layer. Thanks to impulse control, the sealing process offers maximum [&hellip;] <\/p>\n<p class=\"readmore\"><a class=\"btn btn-outline-primary btn-sm read-more-link\" href=\"https:\/\/www.lacroixnoble.fr\/en\/product\/manual-sealer-e-type\/\">Read More&#8230;<\/a><\/p>\n","protected":false},"author":8,"featured_media":17530,"parent":0,"menu_order":28,"template":"","meta":{"_acf_changed":false,"inline_featured_image":false,"footnotes":""},"category_product":[247],"tag":[],"class_list":["post-20330","product","type-product","status-publish","has-post-thumbnail","hentry","category_product-manual-sealers"],"acf":[],"yoast_head":"<!-- This site is optimized with the Yoast SEO plugin v27.1.1 - https:\/\/yoast.com\/product\/yoast-seo-wordpress\/ -->\n<title>Manual sealer E-Type - La Croix Noble<\/title>\n<meta name=\"description\" content=\"Discover the E-Type manual pulse sealer from La Croix Noble: a high-performance, ergonomic machine for precise, reliable sealing. Ideal for your industrial and professional needs.\" \/>\n<meta name=\"robots\" content=\"index, follow, max-snippet:-1, max-image-preview:large, max-video-preview:-1\" \/>\n<link rel=\"canonical\" href=\"https:\/\/www.lacroixnoble.fr\/en\/product\/manual-sealer-e-type\/\" \/>\n<meta property=\"og:locale\" content=\"en_US\" \/>\n<meta property=\"og:type\" content=\"article\" \/>\n<meta property=\"og:title\" content=\"Manual sealer E-Type - La Croix Noble\" \/>\n<meta property=\"og:description\" content=\"Discover the E-Type manual pulse sealer from La Croix Noble: a high-performance, ergonomic machine for precise, reliable sealing. Ideal for your industrial and professional needs.\" \/>\n<meta property=\"og:url\" content=\"https:\/\/www.lacroixnoble.fr\/en\/product\/manual-sealer-e-type\/\" \/>\n<meta property=\"og:site_name\" content=\"La Croix Noble\" \/>\n<meta property=\"article:publisher\" content=\"https:\/\/fr-fr.facebook.com\/lacroixnoble\/\" \/>\n<meta property=\"article:modified_time\" content=\"2025-05-19T09:14:11+00:00\" \/>\n<meta property=\"og:image\" content=\"https:\/\/www.lacroixnoble.fr\/wp-content\/uploads\/2025\/01\/Soudeuse-manuelle-E-Type.png\" \/>\n\t<meta property=\"og:image:width\" content=\"1490\" \/>\n\t<meta property=\"og:image:height\" content=\"989\" \/>\n\t<meta property=\"og:image:type\" content=\"image\/png\" \/>\n<meta name=\"twitter:card\" content=\"summary_large_image\" \/>\n<meta name=\"twitter:label1\" content=\"Est. reading time\" \/>\n\t<meta name=\"twitter:data1\" content=\"4 minutes\" \/>\n<script type=\"application\/ld+json\" class=\"yoast-schema-graph\">{\"@context\":\"https:\/\/schema.org\",\"@graph\":[{\"@type\":\"WebPage\",\"@id\":\"https:\/\/www.lacroixnoble.fr\/en\/product\/manual-sealer-e-type\/\",\"url\":\"https:\/\/www.lacroixnoble.fr\/en\/product\/manual-sealer-e-type\/\",\"name\":\"Manual sealer E-Type - La Croix Noble\",\"isPartOf\":{\"@id\":\"https:\/\/www.lacroixnoble.fr\/en\/#website\"},\"primaryImageOfPage\":{\"@id\":\"https:\/\/www.lacroixnoble.fr\/en\/product\/manual-sealer-e-type\/#primaryimage\"},\"image\":{\"@id\":\"https:\/\/www.lacroixnoble.fr\/en\/product\/manual-sealer-e-type\/#primaryimage\"},\"thumbnailUrl\":\"https:\/\/www.lacroixnoble.fr\/wp-content\/uploads\/2025\/01\/Soudeuse-manuelle-E-Type.png\",\"datePublished\":\"2025-01-08T15:21:04+00:00\",\"dateModified\":\"2025-05-19T09:14:11+00:00\",\"description\":\"Discover the E-Type manual pulse sealer from La Croix Noble: a high-performance, ergonomic machine for precise, reliable sealing. Ideal for your industrial and professional needs.\",\"breadcrumb\":{\"@id\":\"https:\/\/www.lacroixnoble.fr\/en\/product\/manual-sealer-e-type\/#breadcrumb\"},\"inLanguage\":\"en-US\",\"potentialAction\":[{\"@type\":\"ReadAction\",\"target\":[\"https:\/\/www.lacroixnoble.fr\/en\/product\/manual-sealer-e-type\/\"]}]},{\"@type\":\"ImageObject\",\"inLanguage\":\"en-US\",\"@id\":\"https:\/\/www.lacroixnoble.fr\/en\/product\/manual-sealer-e-type\/#primaryimage\",\"url\":\"https:\/\/www.lacroixnoble.fr\/wp-content\/uploads\/2025\/01\/Soudeuse-manuelle-E-Type.png\",\"contentUrl\":\"https:\/\/www.lacroixnoble.fr\/wp-content\/uploads\/2025\/01\/Soudeuse-manuelle-E-Type.png\",\"width\":1490,\"height\":989},{\"@type\":\"BreadcrumbList\",\"@id\":\"https:\/\/www.lacroixnoble.fr\/en\/product\/manual-sealer-e-type\/#breadcrumb\",\"itemListElement\":[{\"@type\":\"ListItem\",\"position\":1,\"name\":\"Home\",\"item\":\"https:\/\/www.lacroixnoble.fr\/en\/\"},{\"@type\":\"ListItem\",\"position\":2,\"name\":\"Products\",\"item\":\"https:\/\/www.lacroixnoble.fr\/en\/product\/\"},{\"@type\":\"ListItem\",\"position\":3,\"name\":\"Manual sealers\",\"item\":\"https:\/\/www.lacroixnoble.fr\/en\/category_product\/manual-sealers\/\"},{\"@type\":\"ListItem\",\"position\":4,\"name\":\"Manual sealer E-Type\"}]},{\"@type\":\"WebSite\",\"@id\":\"https:\/\/www.lacroixnoble.fr\/en\/#website\",\"url\":\"https:\/\/www.lacroixnoble.fr\/en\/\",\"name\":\"La Croix Noble\",\"description\":\"La Croix Noble : Solutions de s\u00e9curisation des charges\",\"publisher\":{\"@id\":\"https:\/\/www.lacroixnoble.fr\/en\/#organization\"},\"potentialAction\":[{\"@type\":\"SearchAction\",\"target\":{\"@type\":\"EntryPoint\",\"urlTemplate\":\"https:\/\/www.lacroixnoble.fr\/en\/?s={search_term_string}\"},\"query-input\":{\"@type\":\"PropertyValueSpecification\",\"valueRequired\":true,\"valueName\":\"search_term_string\"}}],\"inLanguage\":\"en-US\"},{\"@type\":\"Organization\",\"@id\":\"https:\/\/www.lacroixnoble.fr\/en\/#organization\",\"name\":\"La Croix Noble\",\"url\":\"https:\/\/www.lacroixnoble.fr\/en\/\",\"logo\":{\"@type\":\"ImageObject\",\"inLanguage\":\"en-US\",\"@id\":\"https:\/\/www.lacroixnoble.fr\/en\/#\/schema\/logo\/image\/\",\"url\":\"https:\/\/www.lacroixnoble.fr\/wp-content\/uploads\/2020\/12\/logo-LCN-full-400px.png\",\"contentUrl\":\"https:\/\/www.lacroixnoble.fr\/wp-content\/uploads\/2020\/12\/logo-LCN-full-400px.png\",\"width\":400,\"height\":99,\"caption\":\"La Croix Noble\"},\"image\":{\"@id\":\"https:\/\/www.lacroixnoble.fr\/en\/#\/schema\/logo\/image\/\"},\"sameAs\":[\"https:\/\/fr-fr.facebook.com\/lacroixnoble\/\",\"https:\/\/fr.linkedin.com\/company\/lacroixnoble\",\"https:\/\/www.youtube.com\/channel\/UCOu3ZeWZI13dfP4CWXMxnJw\",\"https:\/\/maps.app.goo.gl\/sSogfTyi14KwYdQ79\"],\"address\":{\"@type\":\"PostalAddress\",\"addressCountry\":\"FR\"}}]}<\/script>\n<!-- \/ Yoast SEO plugin. -->","yoast_head_json":{"title":"Manual sealer E-Type - La Croix Noble","description":"Discover the E-Type manual pulse sealer from La Croix Noble: a high-performance, ergonomic machine for precise, reliable sealing. Ideal for your industrial and professional needs.","robots":{"index":"index","follow":"follow","max-snippet":"max-snippet:-1","max-image-preview":"max-image-preview:large","max-video-preview":"max-video-preview:-1"},"canonical":"https:\/\/www.lacroixnoble.fr\/en\/product\/manual-sealer-e-type\/","og_locale":"en_US","og_type":"article","og_title":"Manual sealer E-Type - La Croix Noble","og_description":"Discover the E-Type manual pulse sealer from La Croix Noble: a high-performance, ergonomic machine for precise, reliable sealing. Ideal for your industrial and professional needs.","og_url":"https:\/\/www.lacroixnoble.fr\/en\/product\/manual-sealer-e-type\/","og_site_name":"La Croix Noble","article_publisher":"https:\/\/fr-fr.facebook.com\/lacroixnoble\/","article_modified_time":"2025-05-19T09:14:11+00:00","og_image":[{"width":1490,"height":989,"url":"https:\/\/www.lacroixnoble.fr\/wp-content\/uploads\/2025\/01\/Soudeuse-manuelle-E-Type.png","type":"image\/png"}],"twitter_card":"summary_large_image","twitter_misc":{"Est. reading time":"4 minutes"},"schema":{"@context":"https:\/\/schema.org","@graph":[{"@type":"WebPage","@id":"https:\/\/www.lacroixnoble.fr\/en\/product\/manual-sealer-e-type\/","url":"https:\/\/www.lacroixnoble.fr\/en\/product\/manual-sealer-e-type\/","name":"Manual sealer E-Type - La Croix Noble","isPartOf":{"@id":"https:\/\/www.lacroixnoble.fr\/en\/#website"},"primaryImageOfPage":{"@id":"https:\/\/www.lacroixnoble.fr\/en\/product\/manual-sealer-e-type\/#primaryimage"},"image":{"@id":"https:\/\/www.lacroixnoble.fr\/en\/product\/manual-sealer-e-type\/#primaryimage"},"thumbnailUrl":"https:\/\/www.lacroixnoble.fr\/wp-content\/uploads\/2025\/01\/Soudeuse-manuelle-E-Type.png","datePublished":"2025-01-08T15:21:04+00:00","dateModified":"2025-05-19T09:14:11+00:00","description":"Discover the E-Type manual pulse sealer from La Croix Noble: a high-performance, ergonomic machine for precise, reliable sealing. Ideal for your industrial and professional needs.","breadcrumb":{"@id":"https:\/\/www.lacroixnoble.fr\/en\/product\/manual-sealer-e-type\/#breadcrumb"},"inLanguage":"en-US","potentialAction":[{"@type":"ReadAction","target":["https:\/\/www.lacroixnoble.fr\/en\/product\/manual-sealer-e-type\/"]}]},{"@type":"ImageObject","inLanguage":"en-US","@id":"https:\/\/www.lacroixnoble.fr\/en\/product\/manual-sealer-e-type\/#primaryimage","url":"https:\/\/www.lacroixnoble.fr\/wp-content\/uploads\/2025\/01\/Soudeuse-manuelle-E-Type.png","contentUrl":"https:\/\/www.lacroixnoble.fr\/wp-content\/uploads\/2025\/01\/Soudeuse-manuelle-E-Type.png","width":1490,"height":989},{"@type":"BreadcrumbList","@id":"https:\/\/www.lacroixnoble.fr\/en\/product\/manual-sealer-e-type\/#breadcrumb","itemListElement":[{"@type":"ListItem","position":1,"name":"Home","item":"https:\/\/www.lacroixnoble.fr\/en\/"},{"@type":"ListItem","position":2,"name":"Products","item":"https:\/\/www.lacroixnoble.fr\/en\/product\/"},{"@type":"ListItem","position":3,"name":"Manual sealers","item":"https:\/\/www.lacroixnoble.fr\/en\/category_product\/manual-sealers\/"},{"@type":"ListItem","position":4,"name":"Manual sealer E-Type"}]},{"@type":"WebSite","@id":"https:\/\/www.lacroixnoble.fr\/en\/#website","url":"https:\/\/www.lacroixnoble.fr\/en\/","name":"La Croix Noble","description":"La Croix Noble : Solutions de s\u00e9curisation des charges","publisher":{"@id":"https:\/\/www.lacroixnoble.fr\/en\/#organization"},"potentialAction":[{"@type":"SearchAction","target":{"@type":"EntryPoint","urlTemplate":"https:\/\/www.lacroixnoble.fr\/en\/?s={search_term_string}"},"query-input":{"@type":"PropertyValueSpecification","valueRequired":true,"valueName":"search_term_string"}}],"inLanguage":"en-US"},{"@type":"Organization","@id":"https:\/\/www.lacroixnoble.fr\/en\/#organization","name":"La Croix Noble","url":"https:\/\/www.lacroixnoble.fr\/en\/","logo":{"@type":"ImageObject","inLanguage":"en-US","@id":"https:\/\/www.lacroixnoble.fr\/en\/#\/schema\/logo\/image\/","url":"https:\/\/www.lacroixnoble.fr\/wp-content\/uploads\/2020\/12\/logo-LCN-full-400px.png","contentUrl":"https:\/\/www.lacroixnoble.fr\/wp-content\/uploads\/2020\/12\/logo-LCN-full-400px.png","width":400,"height":99,"caption":"La Croix Noble"},"image":{"@id":"https:\/\/www.lacroixnoble.fr\/en\/#\/schema\/logo\/image\/"},"sameAs":["https:\/\/fr-fr.facebook.com\/lacroixnoble\/","https:\/\/fr.linkedin.com\/company\/lacroixnoble","https:\/\/www.youtube.com\/channel\/UCOu3ZeWZI13dfP4CWXMxnJw","https:\/\/maps.app.goo.gl\/sSogfTyi14KwYdQ79"],"address":{"@type":"PostalAddress","addressCountry":"FR"}}]}},"_links":{"self":[{"href":"https:\/\/www.lacroixnoble.fr\/en\/wp-json\/wp\/v2\/product\/20330","targetHints":{"allow":["GET"]}}],"collection":[{"href":"https:\/\/www.lacroixnoble.fr\/en\/wp-json\/wp\/v2\/product"}],"about":[{"href":"https:\/\/www.lacroixnoble.fr\/en\/wp-json\/wp\/v2\/types\/product"}],"author":[{"embeddable":true,"href":"https:\/\/www.lacroixnoble.fr\/en\/wp-json\/wp\/v2\/users\/8"}],"version-history":[{"count":0,"href":"https:\/\/www.lacroixnoble.fr\/en\/wp-json\/wp\/v2\/product\/20330\/revisions"}],"wp:featuredmedia":[{"embeddable":true,"href":"https:\/\/www.lacroixnoble.fr\/en\/wp-json\/wp\/v2\/media\/17530"}],"wp:attachment":[{"href":"https:\/\/www.lacroixnoble.fr\/en\/wp-json\/wp\/v2\/media?parent=20330"}],"wp:term":[{"taxonomy":"category_product","embeddable":true,"href":"https:\/\/www.lacroixnoble.fr\/en\/wp-json\/wp\/v2\/category_product?post=20330"},{"taxonomy":"tag","embeddable":true,"href":"https:\/\/www.lacroixnoble.fr\/en\/wp-json\/wp\/v2\/tag?post=20330"}],"curies":[{"name":"wp","href":"https:\/\/api.w.org\/{rel}","templated":true}]}}